{"id":13,"date":"2014-10-10T22:10:10","date_gmt":"2014-10-10T22:10:10","guid":{"rendered":"https:\/\/freshperulogistics.com\/?page_id=13"},"modified":"2014-10-14T02:07:47","modified_gmt":"2014-10-14T02:07:47","slug":"home","status":"publish","type":"page","link":"https:\/\/freshperulogistics.com\/","title":{"rendered":"Inicio\/Home"},"content":{"rendered":"<p>Fresh Peru Logistics S.R.L, parte del grupo <a href=\"http:\/\/gourmettrading.net\">Gourmet Trading Company<\/a>. Somos un Freight Forwarder que nace on la finalidad de brindar un servicio personalizado y expecializado en el manejo logistico de carga perecedera, ofreciendo soluciones logistica para nuestros clientes, basandonos en procesos seguros y confiables.<\/p>\n<p>&#8211; Agentes de Carga debidamente acreditaos en la DGAC, IATA, BASC y Sunat<\/p>\n<p>&#8211; Especialistas en log\u00edstica de perecibles a\u00e9rea y mar\u00edtima<\/p>\n<p>&#8211; Ganadores dos a\u00f1os consecutivos del Ping\u00fcino de Oro como mejor agencia de carga<\/p>\n<p>&nbsp;<\/p>\n<p><em>Fresh Peru Logistics S.R.L. is part of the\u00a0<a href=\"https:\/\/gourmettrading.net\">Gourmet Trading Company<\/a> group. We are a Freight forwarder created with the purpose of offering a personalized service and expertise in handling perishable cargo logistics, offering logistics solutions for our customers, based on secure and reliable processes.<\/em><\/p>\n<p><em>&#8211; Freight forwarder acredited DGAC, IATA, BASC and Sunat<\/em><\/p>\n<p><em>&#8211; Specialists in air and sea perishable logistics<\/em><\/p>\n<p><em>&#8211; Awarded the Golden Penguin Best freight forwarder for two consecutive years<\/em><\/p>\n<p>&nbsp;<\/p>\n","protected":false},"excerpt":{"rendered":"<p>Fresh Peru Logistics S.R.L, parte del grupo Gourmet Trading Company. Somos un Freight Forwarder que nace on la finalidad de brindar un servicio personalizado y expecializado en el manejo logistico de carga perecedera, ofreciendo soluciones logistica para nuestros clientes, basandonos<\/p>\n","protected":false},"author":1,"featured_media":0,"parent":0,"menu_order":1,"comment_status":"closed","ping_status":"closed","template":"","meta":{"footnotes":""},"_links":{"self":[{"href":"https:\/\/freshperulogistics.com\/index.php?rest_route=\/wp\/v2\/pages\/13"}],"collection":[{"href":"https:\/\/freshperulogistics.com\/index.php?rest_route=\/wp\/v2\/pages"}],"about":[{"href":"https:\/\/freshperulogistics.com\/index.php?rest_route=\/wp\/v2\/types\/page"}],"author":[{"embeddable":true,"href":"https:\/\/freshperulogistics.com\/index.php?rest_route=\/wp\/v2\/users\/1"}],"replies":[{"embeddable":true,"href":"https:\/\/freshperulogistics.com\/index.php?rest_route=%2Fwp%2Fv2%2Fcomments&post=13"}],"version-history":[{"count":7,"href":"https:\/\/freshperulogistics.com\/index.php?rest_route=\/wp\/v2\/pages\/13\/revisions"}],"predecessor-version":[{"id":30,"href":"https:\/\/freshperulogistics.com\/index.php?rest_route=\/wp\/v2\/pages\/13\/revisions\/30"}],"wp:attachment":[{"href":"https:\/\/freshperulogistics.com\/index.php?rest_route=%2Fwp%2Fv2%2Fmedia&parent=13"}],"curies":[{"name":"wp","href":"https:\/\/api.w.org\/{rel}","templated":true}]}}